{"id":21,"date":"2019-09-24T21:01:14","date_gmt":"2019-09-24T21:01:14","guid":{"rendered":"http:\/\/ofs-montanahaus.de\/?page_id=21"},"modified":"2019-09-29T21:10:51","modified_gmt":"2019-09-29T19:10:51","slug":"unsere-gruppe","status":"publish","type":"page","link":"http:\/\/ofs-montanahaus.de\/index.php\/unsere-gruppe\/","title":{"rendered":"Unsere Gruppe"},"content":{"rendered":"\n<p class=\"has-medium-font-size western\">Wir sind Menschen, die auf unterschiedliche Art und Weise mit franziskanischem Denken und Handeln in Ber\u00fchrung kamen und sich begeistern lie\u00dfen. Die anhaltende Begeisterung m\u00fcndete in dem Wunsch: dazu geh\u00f6ren zu wollen. <\/p>\n\n\n\n<p class=\"has-medium-font-size western\">Das tun wir als Mitglieder des OFS, einem eigenen Zweig der gro\u00dfen, weltweit existierenden franziskanischen Ordensfamilie.<\/p>\n\n\n\n<p class=\"has-medium-font-size western\">Wir leben unsere je eigene Berufung in Ehe und Familie, am Arbeitsplatz, im Ehrenamt, im kirchlichen Engagement und in allen unseren sonstigen Beziehungen.<\/p>\n\n\n\n<p class=\"has-medium-font-size western\">Inspiration und Hilfen hierf\u00fcr sind uns biblische Impulse und das gelebte Vorbild von Franz und Klara von Asissi. Dabei geht es uns immer um eine zeitgem\u00e4\u00dfe Umsetzung der franziskanischen Geisteshaltung in unseren jeweiligen Alltag. Das geschieht im Austausch \u00fcber Glaubens- und Lebensfragen so wie \u00fcber gesellschaftliche Entwicklungen, aber auch \u00fcber gemeinsames Lernen, Singen, Beten und Feiern.<\/p>\n\n\n\n<div class=\"wp-block-image\"><figure class=\"aligncenter is-resized\"><img loading=\"lazy\" decoding=\"async\" src=\"http:\/\/ofs-montanahaus.de\/wp-content\/uploads\/2019\/09\/20180609_101743rev-1024x722.jpg\" alt=\"\" class=\"wp-image-195\" width=\"512\" height=\"361\" srcset=\"http:\/\/ofs-montanahaus.de\/wp-content\/uploads\/2019\/09\/20180609_101743rev-1024x722.jpg 1024w, http:\/\/ofs-montanahaus.de\/wp-content\/uploads\/2019\/09\/20180609_101743rev-300x211.jpg 300w, http:\/\/ofs-montanahaus.de\/wp-content\/uploads\/2019\/09\/20180609_101743rev-768x541.jpg 768w, http:\/\/ofs-montanahaus.de\/wp-content\/uploads\/2019\/09\/20180609_101743rev-1200x846.jpg 1200w\" sizes=\"auto, (max-width: 512px) 85vw, 512px\" \/><\/figure><\/div>\n\n\n\n<p class=\"has-medium-font-size\">Dazu treffen wir uns einmal im Monat im Montanahaus der Dillinger Franziskanerinnen in Bamberg. Zus\u00e4tzlich organisieren wir j\u00e4hrlich eine Wallfahrt, Einkehrtage und Abende mit geselligem Beisammensein. <\/p>\n","protected":false},"excerpt":{"rendered":"<p>Wir sind Menschen, die auf unterschiedliche Art und Weise mit franziskanischem Denken und Handeln in Ber\u00fchrung kamen und sich begeistern lie\u00dfen. Die anhaltende Begeisterung m\u00fcndete in dem Wunsch: dazu geh\u00f6ren zu wollen. Das tun wir als Mitglieder des OFS, einem eigenen Zweig der gro\u00dfen, weltweit existierenden franziskanischen Ordensfamilie. Wir leben unsere je eigene Berufung in &hellip; <a href=\"http:\/\/ofs-montanahaus.de\/index.php\/unsere-gruppe\/\" class=\"more-link\"><span class=\"screen-reader-text\">&#8222;Unsere Gruppe&#8220; <\/span>weiterlesen<\/a><\/p>\n","protected":false},"author":4,"featured_media":0,"parent":0,"menu_order":0,"comment_status":"closed","ping_status":"closed","template":"","meta":{"footnotes":""},"class_list":["post-21","page","type-page","status-publish","hentry"],"_links":{"self":[{"href":"http:\/\/ofs-montanahaus.de\/index.php\/wp-json\/wp\/v2\/pages\/21","targetHints":{"allow":["GET"]}}],"collection":[{"href":"http:\/\/ofs-montanahaus.de\/index.php\/wp-json\/wp\/v2\/pages"}],"about":[{"href":"http:\/\/ofs-montanahaus.de\/index.php\/wp-json\/wp\/v2\/types\/page"}],"author":[{"embeddable":true,"href":"http:\/\/ofs-montanahaus.de\/index.php\/wp-json\/wp\/v2\/users\/4"}],"replies":[{"embeddable":true,"href":"http:\/\/ofs-montanahaus.de\/index.php\/wp-json\/wp\/v2\/comments?post=21"}],"version-history":[{"count":10,"href":"http:\/\/ofs-montanahaus.de\/index.php\/wp-json\/wp\/v2\/pages\/21\/revisions"}],"predecessor-version":[{"id":196,"href":"http:\/\/ofs-montanahaus.de\/index.php\/wp-json\/wp\/v2\/pages\/21\/revisions\/196"}],"wp:attachment":[{"href":"http:\/\/ofs-montanahaus.de\/index.php\/wp-json\/wp\/v2\/media?parent=21"}],"curies":[{"name":"wp","href":"https:\/\/api.w.org\/{rel}","templated":true}]}}