{"id":132,"date":"2019-09-29T18:11:57","date_gmt":"2019-09-29T16:11:57","guid":{"rendered":"http:\/\/ofs-montanahaus.de\/?page_id=132"},"modified":"2019-09-29T21:01:33","modified_gmt":"2019-09-29T19:01:33","slug":"verbundenheit","status":"publish","type":"page","link":"https:\/\/ofs-montanahaus.de\/index.php\/verbundenheit\/","title":{"rendered":"Menschen im OFS"},"content":{"rendered":"\n<h3 class=\"wp-block-heading\">\nMitglieder<\/h3>\n\n\n\n<p class=\"has-medium-font-size\">So unterschiedlich wie die Schwestern und Br\u00fcder des OFS sind, so sind auch ihre Berufungsgeschichten. So gilt es dem Auftrag der Erneuerung von Kirche und Welt mitten unter den Menschen gerecht zu werden. Jeder soll sich selbst einbringen, in Familie und Beruf, in Kirche und Gesellschaft.<\/p>\n\n\n\n<div class=\"wp-block-image\"><figure class=\"aligncenter is-resized\"><img loading=\"lazy\" decoding=\"async\" src=\"http:\/\/ofs-montanahaus.de\/wp-content\/uploads\/2019\/09\/P6110494-1024x768.jpg\" alt=\"\" class=\"wp-image-172\" width=\"512\" height=\"384\"\/><figcaption>OLYMPUS DIGITAL CAMERA<\/figcaption><\/figure><\/div>\n\n\n\n<h3 class=\"wp-block-heading\">Geschwisterliche Verbundenheit<\/h3>\n\n\n\n<p class=\"has-medium-font-size\">Die Schwestern und Br\u00fcder helfen einander ihren Weg der\nChristusnachfolge im Alltag zu leben. Die Zusammenk\u00fcnfte dienen der\nSt\u00e4rkung des Miteinanders durch Gebet, Gespr\u00e4ch und Geselligkeit.<\/p>\n\n\n\n<p class=\"has-medium-font-size\">Dar\u00fcber hinaus engagieren sie sich als einzelne oder als Gruppe auf verschiedene Weise: z.B. im sozial-caritativen Bereich, in Bewegungen f\u00fcr Gerechtigkeit, Frieden und Ehrfurcht vor der Sch\u00f6pfung, in der Missionsarbeit und in der UN-Nichtregierungsorganisation \u201eFranciscans International\u201c. Seit dem von Papst Johannes Paul II. 1986 in Assisi initiierten Gebet der Religionen beteiligt sich der OFS regelm\u00e4\u00dfig an der Fortf\u00fchrung dieses Friedensgebetes.<\/p>\n","protected":false},"excerpt":{"rendered":"<p>Mitglieder So unterschiedlich wie die Schwestern und Br\u00fcder des OFS sind, so sind auch ihre Berufungsgeschichten. So gilt es dem Auftrag der Erneuerung von Kirche und Welt mitten unter den Menschen gerecht zu werden. Jeder soll sich selbst einbringen, in Familie und Beruf, in Kirche und Gesellschaft. Geschwisterliche Verbundenheit Die Schwestern und Br\u00fcder helfen einander &hellip; <a href=\"https:\/\/ofs-montanahaus.de\/index.php\/verbundenheit\/\" class=\"more-link\"><span class=\"screen-reader-text\">&#8222;Menschen im OFS&#8220; <\/span>weiterlesen<\/a><\/p>\n","protected":false},"author":3,"featured_media":0,"parent":0,"menu_order":0,"comment_status":"closed","ping_status":"closed","template":"","meta":{"footnotes":""},"class_list":["post-132","page","type-page","status-publish","hentry"],"_links":{"self":[{"href":"https:\/\/ofs-montanahaus.de\/index.php\/wp-json\/wp\/v2\/pages\/132","targetHints":{"allow":["GET"]}}],"collection":[{"href":"https:\/\/ofs-montanahaus.de\/index.php\/wp-json\/wp\/v2\/pages"}],"about":[{"href":"https:\/\/ofs-montanahaus.de\/index.php\/wp-json\/wp\/v2\/types\/page"}],"author":[{"embeddable":true,"href":"https:\/\/ofs-montanahaus.de\/index.php\/wp-json\/wp\/v2\/users\/3"}],"replies":[{"embeddable":true,"href":"https:\/\/ofs-montanahaus.de\/index.php\/wp-json\/wp\/v2\/comments?post=132"}],"version-history":[{"count":6,"href":"https:\/\/ofs-montanahaus.de\/index.php\/wp-json\/wp\/v2\/pages\/132\/revisions"}],"predecessor-version":[{"id":190,"href":"https:\/\/ofs-montanahaus.de\/index.php\/wp-json\/wp\/v2\/pages\/132\/revisions\/190"}],"wp:attachment":[{"href":"https:\/\/ofs-montanahaus.de\/index.php\/wp-json\/wp\/v2\/media?parent=132"}],"curies":[{"name":"wp","href":"https:\/\/api.w.org\/{rel}","templated":true}]}}