{"id":139,"date":"2019-09-29T18:36:53","date_gmt":"2019-09-29T16:36:53","guid":{"rendered":"http:\/\/ofs-montanahaus.de\/?page_id=139"},"modified":"2019-09-29T21:02:01","modified_gmt":"2019-09-29T19:02:01","slug":"leben-im-ofs","status":"publish","type":"page","link":"https:\/\/ofs-montanahaus.de\/index.php\/leben-im-ofs\/","title":{"rendered":"Leben im OFS"},"content":{"rendered":"\n<h3 class=\"wp-block-heading\">Der Ordo franciscanus saecularis<\/h3>\n\n\n\n<p class=\"has-medium-font-size\">OFS l\u00e4sst sich als franziskanischer Orden in der Welt \u00fcbersetzen. Zeitgem\u00e4\u00df w\u00fcrden wir &#8222;franziskanisch Leben in der Welt von heute&#8220; dazu sagen. Dies zeigt sich an folgenden Grundhaltungen:<\/p>\n\n\n\n<h5 class=\"wp-block-heading\">Evangelium leben<\/h5>\n\n\n\n<p class=\"has-medium-font-size\">Christus nachfolgen<br>Mit der Kirche leben <br>Ausgerichtet sein auf Gott und den Menschen <br>Einfach und solidarisch leben <br>Vers\u00f6hnt mit Gott und der Sch\u00f6pfung leben <br>Stets neu anfangen d\u00fcrfen  <\/p>\n\n\n\n<h5 class=\"wp-block-heading\">Kirche erneuern<\/h5>\n\n\n\n<p class=\"has-medium-font-size\">Franzikus erhielt vor dem Kreuz in San Damiano den Auftrag:\n\u201eSiehst du nicht, dass mein Haus in Verfall ger\u00e4t? Geh also hin\nund stelle es wieder her!\u201c<\/p>\n\n\n\n<h5 class=\"wp-block-heading\">Verantwortung f\u00fcr den Frieden<\/h5>\n\n\n\n<p><em>\u201eDer Herr gebe euch den Frieden!\u201c<\/em> \n<\/p>\n\n\n\n<p class=\"has-medium-font-size\">Dieser Gru\u00df war f\u00fcr Franziskus mehr als eine Formel. Indem er anderen den Frieden Gottes w\u00fcnschte, dr\u00fccke er sein Verlangen aus, auch selbst mit den anderen im Frieden zu sein.<\/p>\n\n\n\n<div class=\"wp-block-image\"><figure class=\"aligncenter is-resized\"><img loading=\"lazy\" decoding=\"async\" src=\"http:\/\/ofs-montanahaus.de\/wp-content\/uploads\/2019\/09\/P1011357-768x1024.jpg\" alt=\"\" class=\"wp-image-171\" width=\"384\" height=\"512\" srcset=\"https:\/\/ofs-montanahaus.de\/wp-content\/uploads\/2019\/09\/P1011357-768x1024.jpg 768w, https:\/\/ofs-montanahaus.de\/wp-content\/uploads\/2019\/09\/P1011357-225x300.jpg 225w, https:\/\/ofs-montanahaus.de\/wp-content\/uploads\/2019\/09\/P1011357-1200x1600.jpg 1200w, https:\/\/ofs-montanahaus.de\/wp-content\/uploads\/2019\/09\/P1011357.jpg 1536w\" sizes=\"auto, (max-width: 384px) 85vw, 384px\" \/><figcaption>OLYMPUS DIGITAL CAMERA<\/figcaption><\/figure><\/div>\n\n\n\n<h3 class=\"wp-block-heading\">Die Entstehung des OFS<\/h3>\n\n\n\n<p class=\"has-medium-font-size\">Viele Christen, M\u00e4nner und Frauen, Ledige und Verheiratete, Laien\nund Priester haben sich seit den Anf\u00e4ngen der franziskanischen\nBewegung im 13. Jahrhundert durch Franziskus von Assisi begeistern\nlassen und den Weg in die Franziskanische Gemeinschaft gefunden. \n<\/p>\n\n\n\n<p class=\"has-medium-font-size\">Neben den kl\u00f6sterlichen Zweigen (Franziskaner, Kapuziner,\nMinoriten, Klarissen, franziskanische Br\u00fcder- und\nSchwesterngemeinschaften) ist der Ordo franciscanus saecularis (OFS)\nein eigenst\u00e4ndiger, weltlicher Zweig der Franziskanischen Familie.\nDie zur Zeit g\u00fcltige Regel wurde 1978 von Papst Paul VI. best\u00e4tigt.<\/p>\n","protected":false},"excerpt":{"rendered":"<p>Der Ordo franciscanus saecularis OFS l\u00e4sst sich als franziskanischer Orden in der Welt \u00fcbersetzen. Zeitgem\u00e4\u00df w\u00fcrden wir &#8222;franziskanisch Leben in der Welt von heute&#8220; dazu sagen. Dies zeigt sich an folgenden Grundhaltungen: Evangelium leben Christus nachfolgenMit der Kirche leben Ausgerichtet sein auf Gott und den Menschen Einfach und solidarisch leben Vers\u00f6hnt mit Gott und der &hellip; <a href=\"https:\/\/ofs-montanahaus.de\/index.php\/leben-im-ofs\/\" class=\"more-link\"><span class=\"screen-reader-text\">&#8222;Leben im OFS&#8220; <\/span>weiterlesen<\/a><\/p>\n","protected":false},"author":3,"featured_media":0,"parent":0,"menu_order":0,"comment_status":"closed","ping_status":"closed","template":"","meta":{"footnotes":""},"class_list":["post-139","page","type-page","status-publish","hentry"],"_links":{"self":[{"href":"https:\/\/ofs-montanahaus.de\/index.php\/wp-json\/wp\/v2\/pages\/139","targetHints":{"allow":["GET"]}}],"collection":[{"href":"https:\/\/ofs-montanahaus.de\/index.php\/wp-json\/wp\/v2\/pages"}],"about":[{"href":"https:\/\/ofs-montanahaus.de\/index.php\/wp-json\/wp\/v2\/types\/page"}],"author":[{"embeddable":true,"href":"https:\/\/ofs-montanahaus.de\/index.php\/wp-json\/wp\/v2\/users\/3"}],"replies":[{"embeddable":true,"href":"https:\/\/ofs-montanahaus.de\/index.php\/wp-json\/wp\/v2\/comments?post=139"}],"version-history":[{"count":8,"href":"https:\/\/ofs-montanahaus.de\/index.php\/wp-json\/wp\/v2\/pages\/139\/revisions"}],"predecessor-version":[{"id":191,"href":"https:\/\/ofs-montanahaus.de\/index.php\/wp-json\/wp\/v2\/pages\/139\/revisions\/191"}],"wp:attachment":[{"href":"https:\/\/ofs-montanahaus.de\/index.php\/wp-json\/wp\/v2\/media?parent=139"}],"curies":[{"name":"wp","href":"https:\/\/api.w.org\/{rel}","templated":true}]}}